{"id":165,"date":"2024-05-16T23:29:10","date_gmt":"2024-05-16T23:29:10","guid":{"rendered":"https:\/\/sumaestudio.com.ar\/home\/?page_id=165"},"modified":"2024-06-04T02:31:33","modified_gmt":"2024-06-04T02:31:33","slug":"contacto","status":"publish","type":"page","link":"https:\/\/sumaestudio.com.ar\/home\/contacto\/","title":{"rendered":"Contacto"},"content":{"rendered":"\t\t<div data-elementor-type=\"wp-page\" data-elementor-id=\"165\" class=\"elementor elementor-165\" data-elementor-post-type=\"page\">\n\t\t\t\t<div class=\"elementor-element elementor-element-aacf37c e-flex e-con-boxed e-con e-parent\" data-id=\"aacf37c\" data-element_type=\"container\" data-e-type=\"container\">\n\t\t\t\t\t<div class=\"e-con-inner\">\n\t\t\t\t<div class=\"elementor-element elementor-element-1735ef5 elementor-widget elementor-widget-spacer\" data-id=\"1735ef5\" data-element_type=\"widget\" data-e-type=\"widget\" data-widget_type=\"spacer.default\">\n\t\t\t\t<div class=\"elementor-widget-container\">\n\t\t\t\t\t\t\t<div class=\"elementor-spacer\">\n\t\t\t<div class=\"elementor-spacer-inner\"><\/div>\n\t\t<\/div>\n\t\t\t\t\t\t<\/div>\n\t\t\t\t<\/div>\n\t\t\t\t\t<\/div>\n\t\t\t\t<\/div>\n\t\t<div class=\"elementor-element elementor-element-81ffa20 e-flex e-con-boxed e-con e-parent\" data-id=\"81ffa20\" data-element_type=\"container\" data-e-type=\"container\">\n\t\t\t\t\t<div class=\"e-con-inner\">\n\t\t\t\t<div class=\"elementor-element elementor-element-c28c2a0 elementor-headline--style-rotate elementor-widget elementor-widget-animated-headline\" data-id=\"c28c2a0\" data-element_type=\"widget\" data-e-type=\"widget\" data-settings=\"{&quot;headline_style&quot;:&quot;rotate&quot;,&quot;animation_type&quot;:&quot;flip&quot;,&quot;rotating_text&quot;:&quot;SENCILLO\\nR\\u00c1PIDO\\nY EFICIENTE\\n&quot;,&quot;rotate_iteration_delay&quot;:2000,&quot;loop&quot;:&quot;yes&quot;}\" data-widget_type=\"animated-headline.default\">\n\t\t\t\t<div class=\"elementor-widget-container\">\n\t\t\t\t\t\t\t<h3 class=\"elementor-headline elementor-headline-animation-type-flip\">\n\t\t\t\t\t<span class=\"elementor-headline-plain-text elementor-headline-text-wrapper\">UN PROCESO<\/span>\n\t\t\t\t<span class=\"elementor-headline-dynamic-wrapper elementor-headline-text-wrapper\">\n\t\t\t\t\t<span class=\"elementor-headline-dynamic-text elementor-headline-text-active\">\n\t\t\t\tSENCILLO\t\t\t<\/span>\n\t\t\t\t\t<span class=\"elementor-headline-dynamic-text\">\n\t\t\t\tR\u00c1PIDO\t\t\t<\/span>\n\t\t\t\t\t<span class=\"elementor-headline-dynamic-text\">\n\t\t\t\tY&nbsp;EFICIENTE\t\t\t<\/span>\n\t\t\t\t\t<span class=\"elementor-headline-dynamic-text\">\n\t\t\t\t\t\t\t<\/span>\n\t\t\t\t\t\t<\/span>\n\t\t\t\t<\/h3>\n\t\t\t\t\t\t<\/div>\n\t\t\t\t<\/div>\n\t\t\t\t\t<\/div>\n\t\t\t\t<\/div>\n\t\t<div class=\"elementor-element elementor-element-70f6e40 e-flex e-con-boxed e-con e-parent\" data-id=\"70f6e40\" data-element_type=\"container\" data-e-type=\"container\" data-settings=\"{&quot;background_background&quot;:&quot;video&quot;,&quot;background_video_link&quot;:&quot;https:\\\/\\\/sumaestudio.com.ar\\\/wp-content\\\/uploads\\\/2024\\\/05\\\/SUMA-ESTUDIO-4.mp4&quot;}\">\n\t\t\t\t\t<div class=\"e-con-inner\">\n\t\t<div class=\"elementor-background-video-container elementor-hidden-mobile\">\n\t\t\t\t\t\t\t<video class=\"elementor-background-video-hosted\" role=\"presentation\" autoplay muted playsinline loop><\/video>\n\t\t\t\t\t<\/div>\t\t\t<\/div>\n\t\t\t\t<\/div>\n\t\t<div class=\"elementor-element elementor-element-40e4629 e-flex e-con-boxed e-con e-parent\" data-id=\"40e4629\" data-element_type=\"container\" data-e-type=\"container\">\n\t\t\t\t\t<div class=\"e-con-inner\">\n\t\t\t\t<div class=\"elementor-element elementor-element-7f06b80 elementor-widget elementor-widget-spacer\" data-id=\"7f06b80\" data-element_type=\"widget\" data-e-type=\"widget\" data-widget_type=\"spacer.default\">\n\t\t\t\t<div class=\"elementor-widget-container\">\n\t\t\t\t\t\t\t<div class=\"elementor-spacer\">\n\t\t\t<div class=\"elementor-spacer-inner\"><\/div>\n\t\t<\/div>\n\t\t\t\t\t\t<\/div>\n\t\t\t\t<\/div>\n\t\t\t\t\t<\/div>\n\t\t\t\t<\/div>\n\t\t<div class=\"elementor-element elementor-element-ff3ce55 e-flex e-con-boxed e-con e-parent\" data-id=\"ff3ce55\" data-element_type=\"container\" data-e-type=\"container\">\n\t\t\t\t\t<div class=\"e-con-inner\">\n\t\t\t\t<div class=\"elementor-element elementor-element-16827b3 elementor-widget elementor-widget-heading\" data-id=\"16827b3\" data-element_type=\"widget\" data-e-type=\"widget\" data-widget_type=\"heading.default\">\n\t\t\t\t<div class=\"elementor-widget-container\">\n\t\t\t\t\t<h2 class=\"elementor-heading-title elementor-size-default\">Todo comienza con un click...<\/h2>\t\t\t\t<\/div>\n\t\t\t\t<\/div>\n\t\t\t\t\t<\/div>\n\t\t\t\t<\/div>\n\t\t<div class=\"elementor-element elementor-element-32682b1 e-flex e-con-boxed e-con e-parent\" data-id=\"32682b1\" data-element_type=\"container\" data-e-type=\"container\">\n\t\t\t\t\t<div class=\"e-con-inner\">\n\t\t\t\t<div class=\"elementor-element elementor-element-2acc563 elementor-widget elementor-widget-text-editor\" data-id=\"2acc563\" data-element_type=\"widget\" data-e-type=\"widget\" data-widget_type=\"text-editor.default\">\n\t\t\t\t<div class=\"elementor-widget-container\">\n\t\t\t\t\t\t\t\t\t<p>Podes contactarte nuestro equipo desde WhatsApp y v\u00eda mail por cualquier consulta. Un miembro de nuestro equipo te guiar\u00e1 para que consigas materializar tu proyecto o para orientarte en cual de nuestros servicios es el indicado para tus necesidades.<\/p>\t\t\t\t\t\t\t\t<\/div>\n\t\t\t\t<\/div>\n\t\t\t\t\t<\/div>\n\t\t\t\t<\/div>\n\t\t<div class=\"elementor-element elementor-element-3c4ff0a e-flex e-con-boxed e-con e-parent\" data-id=\"3c4ff0a\" data-element_type=\"container\" data-e-type=\"container\">\n\t\t\t\t\t<div class=\"e-con-inner\">\n\t\t\t\t<div class=\"elementor-element elementor-element-e15ef9b elementor-widget elementor-widget-html\" data-id=\"e15ef9b\" data-element_type=\"widget\" data-e-type=\"widget\" data-widget_type=\"html.default\">\n\t\t\t\t<div class=\"elementor-widget-container\">\n\t\t\t\t\t<html>\r\n    <head>\r\n        <style>\r\n            .login-box {\r\n              padding: 40px;\r\n              background-color: grey;\r\n              box-sizing: border-box;\r\n              box-shadow: 0 15px 25px rgba(0,0,0,.6);\r\n              border-radius: 10px;\r\n              align-items: center;\r\n              text-align: center;\r\n            }\r\n            .login-box h3,label{\r\n                color: white\r\n            }\r\n            .login-box input{\r\n                width: 50%;\r\n                margin-bottom: 1%\r\n            }\r\n            .login-box label{\r\n                display: inline;\r\n            }\r\n            .login-box button{\r\n                background-color: black;\r\n                border-color: black;\r\n                color: white;\r\n                border-radius: 40px;\r\n            }\r\n            .login-box button:hover{\r\n                box-shadow: 0 15px 25px rgb(0,0,0);\r\n            }\r\n            .login-box input:focus, textarea:focus{\r\n                box-shadow: 0 15px 25px rgb(0,0,0);\r\n            }\r\n        <\/style>\r\n    <\/head>\r\n    <body>\r\n\r\n\r\n        <div class=\"login-box\">\r\n            <h3>Contactanos via mail<\/h3>\r\n            <input type=\"text\" id=\"nombre\" placeholder=\"Nombre\"><br>\r\n            <input placeholder=\"Email\" type=\"email\" id=\"mail\">\r\n            <textarea placeholder=\"Escribe aqu\u00ed tu consulta\" id=\"mensaje\" cols=\"30\" rows=\"10\"><\/textarea>\r\n            <button onclick=\"contactar()\">Enviar<\/button>\r\n            <div class=\"loger\" style=\"display: none;\">Enviando...<\/div>\r\n        <\/div>\r\n        <script>\r\n            function loger(){\r\n                let loger = document.querySelector('.loger')\r\n                loger.style.display == 'none' ? loger.style.display = 'block': loger.style.display = 'none'; \r\n            }\r\n            let url = 'https:\/\/script.google.com\/macros\/s\/AKfycbw4OS2Xt92aLlkHWfICS0YN0l1KhetS8HchORy6-IR4dktDtCb8xy2fMfmiFqbbL7EF\/exec'\r\n        function contactar(){\r\n            let form = document.querySelector('.contact_form')\r\n            let nombre = document.querySelector('#nombre').value\r\n            let email = document.querySelector('#mail').value\r\n            let mensaje = document.querySelector('#mensaje').value\r\n            mensaje = `Hola, soy ${nombre} y queria decirles que: ${mensaje}\r\n            muchas gracias mi mail de contacto es: ${email}`\r\n            let req = {\r\n                action: 'contacto',\r\n                mensaje: mensaje,\r\n            }\r\n            if(email.length > 0 && nombre.length > 0 && mensaje > 0){\r\n            fetch(url, {\r\n                redirect: \"follow\",\r\n                method: 'POST',\r\n                body: JSON.stringify(req),\r\n                headers: {\r\n                    \"Content-Type\": \"text\/plain;charset=utf-8\"\r\n                }})\r\n                .then(loger())\r\n                .then(() => {loger()\r\n                form.append('Mensaje enviado')})\r\n            }else{\r\n            window.alert('falta algun dato!')\r\n            }\r\n        }\r\n        \r\n        <\/script>  \r\n    <\/body>\r\n<\/html>\t\t\t\t<\/div>\n\t\t\t\t<\/div>\n\t\t\t\t\t<\/div>\n\t\t\t\t<\/div>\n\t\t<div class=\"elementor-element elementor-element-cb23a03 e-flex e-con-boxed e-con e-parent\" data-id=\"cb23a03\" data-element_type=\"container\" data-e-type=\"container\">\n\t\t\t\t\t<div class=\"e-con-inner\">\n\t\t\t\t<div class=\"elementor-element elementor-element-df99a2e elementor-widget elementor-widget-spacer\" data-id=\"df99a2e\" data-element_type=\"widget\" data-e-type=\"widget\" data-widget_type=\"spacer.default\">\n\t\t\t\t<div class=\"elementor-widget-container\">\n\t\t\t\t\t\t\t<div class=\"elementor-spacer\">\n\t\t\t<div class=\"elementor-spacer-inner\"><\/div>\n\t\t<\/div>\n\t\t\t\t\t\t<\/div>\n\t\t\t\t<\/div>\n\t\t\t\t\t<\/div>\n\t\t\t\t<\/div>\n\t\t<div class=\"elementor-element elementor-element-d50c163 e-flex e-con-boxed e-con e-parent\" data-id=\"d50c163\" data-element_type=\"container\" data-e-type=\"container\">\n\t\t\t\t\t<div class=\"e-con-inner\">\n\t\t\t\t<div class=\"elementor-element elementor-element-e132abd elementor-widget elementor-widget-html\" data-id=\"e132abd\" data-element_type=\"widget\" data-e-type=\"widget\" data-widget_type=\"html.default\">\n\t\t\t\t<div class=\"elementor-widget-container\">\n\t\t\t\t\t<link rel=\"stylesheet\" href=\"https:\/\/cdnjs.cloudflare.com\/ajax\/libs\/font-awesome\/5.15.2\/css\/all.min.css\">\r\n<style>\r\n.whatsapp-btn {\r\n      display: inline-block;\r\n      background-color: #25d366;\r\n      color: #fff;\r\n      text-decoration: none;\r\n      padding: 15px 20px;\r\n      border-radius: 50%;\r\n      font-size: 20px;\r\n      border: none;\r\n      cursor: pointer;\r\n      position: fixed;\r\n      bottom: 20px;\r\n      right: 20px;\r\n      z-index: 9999;\r\n    }\r\n\r\n.whatsapp-btn:hover {\r\n  background-color: #128c7e;\r\n}\r\n\r\n.whatsapp-btn i {\r\n  font-size: 30px;\r\n}\r\n<\/style>\r\n\r\n<a href=\"https:\/\/wa.me\/5491161222553?text=Hola%20quisiera%20m\u00e1s%20informaci\u00f3n\" class=\"whatsapp-btn\" target=\"_blank\">\r\n  <i class=\"fab fa-whatsapp\"><\/i>\r\n<\/a>\r\n\t\t\t\t<\/div>\n\t\t\t\t<\/div>\n\t\t\t\t\t<\/div>\n\t\t\t\t<\/div>\n\t\t\t\t<\/div>\n\t\t","protected":false},"excerpt":{"rendered":"<p>UN PROCESO SENCILLO R\u00c1PIDO Y&nbsp;EFICIENTE Todo comienza con un click&#8230; Podes contactarte nuestro equipo desde WhatsApp y v\u00eda mail por cualquier consulta. Un miembro de nuestro equipo te guiar\u00e1 para que consigas materializar tu proyecto o para orientarte en cual de nuestros servicios es el indicado para tus necesidades. Contactanos via mail Enviar Enviando&#8230;<\/p>\n","protected":false},"author":2,"featured_media":0,"parent":0,"menu_order":0,"comment_status":"closed","ping_status":"closed","template":"","meta":{"footnotes":""},"class_list":["post-165","page","type-page","status-publish","hentry"],"yoast_head":"<!-- This site is optimized with the Yoast SEO plugin v27.3 - https:\/\/yoast.com\/product\/yoast-seo-wordpress\/ -->\n<title>Contacto - Suma Estudio<\/title>\n<meta name=\"robots\" content=\"index, follow, max-snippet:-1, max-image-preview:large, max-video-preview:-1\" \/>\n<link rel=\"canonical\" href=\"https:\/\/sumaestudio.com.ar\/home\/contacto\/\" \/>\n<meta property=\"og:locale\" content=\"es_ES\" \/>\n<meta property=\"og:type\" content=\"article\" \/>\n<meta property=\"og:title\" content=\"Contacto - Suma Estudio\" \/>\n<meta property=\"og:description\" content=\"UN PROCESO SENCILLO R\u00c1PIDO Y&nbsp;EFICIENTE Todo comienza con un click&#8230; Podes contactarte nuestro equipo desde WhatsApp y v\u00eda mail por cualquier consulta. Un miembro de nuestro equipo te guiar\u00e1 para que consigas materializar tu proyecto o para orientarte en cual de nuestros servicios es el indicado para tus necesidades. Contactanos via mail Enviar Enviando&#8230;\" \/>\n<meta property=\"og:url\" content=\"https:\/\/sumaestudio.com.ar\/home\/contacto\/\" \/>\n<meta property=\"og:site_name\" content=\"Suma Estudio\" \/>\n<meta property=\"article:modified_time\" content=\"2024-06-04T02:31:33+00:00\" \/>\n<meta name=\"twitter:card\" content=\"summary_large_image\" \/>\n<!-- \/ Yoast SEO plugin. -->","yoast_head_json":{"title":"Contacto - Suma Estudio","robots":{"index":"index","follow":"follow","max-snippet":"max-snippet:-1","max-image-preview":"max-image-preview:large","max-video-preview":"max-video-preview:-1"},"canonical":"https:\/\/sumaestudio.com.ar\/home\/contacto\/","og_locale":"es_ES","og_type":"article","og_title":"Contacto - Suma Estudio","og_description":"UN PROCESO SENCILLO R\u00c1PIDO Y&nbsp;EFICIENTE Todo comienza con un click&#8230; Podes contactarte nuestro equipo desde WhatsApp y v\u00eda mail por cualquier consulta. Un miembro de nuestro equipo te guiar\u00e1 para que consigas materializar tu proyecto o para orientarte en cual de nuestros servicios es el indicado para tus necesidades. Contactanos via mail Enviar Enviando&#8230;","og_url":"https:\/\/sumaestudio.com.ar\/home\/contacto\/","og_site_name":"Suma Estudio","article_modified_time":"2024-06-04T02:31:33+00:00","twitter_card":"summary_large_image","schema":{"@context":"https:\/\/schema.org","@graph":[{"@type":"WebPage","@id":"https:\/\/sumaestudio.com.ar\/home\/contacto\/","url":"https:\/\/sumaestudio.com.ar\/home\/contacto\/","name":"Contacto - Suma Estudio","isPartOf":{"@id":"https:\/\/sumaestudio.com.ar\/home\/#website"},"datePublished":"2024-05-16T23:29:10+00:00","dateModified":"2024-06-04T02:31:33+00:00","breadcrumb":{"@id":"https:\/\/sumaestudio.com.ar\/home\/contacto\/#breadcrumb"},"inLanguage":"es","potentialAction":[{"@type":"ReadAction","target":["https:\/\/sumaestudio.com.ar\/home\/contacto\/"]}]},{"@type":"BreadcrumbList","@id":"https:\/\/sumaestudio.com.ar\/home\/contacto\/#breadcrumb","itemListElement":[{"@type":"ListItem","position":1,"name":"Portada","item":"https:\/\/sumaestudio.com.ar\/home\/"},{"@type":"ListItem","position":2,"name":"Contacto"}]},{"@type":"WebSite","@id":"https:\/\/sumaestudio.com.ar\/home\/#website","url":"https:\/\/sumaestudio.com.ar\/home\/","name":"Suma Estudio","description":"Creando legados","publisher":{"@id":"https:\/\/sumaestudio.com.ar\/home\/#organization"},"potentialAction":[{"@type":"SearchAction","target":{"@type":"EntryPoint","urlTemplate":"https:\/\/sumaestudio.com.ar\/home\/?s={search_term_string}"},"query-input":{"@type":"PropertyValueSpecification","valueRequired":true,"valueName":"search_term_string"}}],"inLanguage":"es"},{"@type":"Organization","@id":"https:\/\/sumaestudio.com.ar\/home\/#organization","name":"Suma Estudio","url":"https:\/\/sumaestudio.com.ar\/home\/","logo":{"@type":"ImageObject","inLanguage":"es","@id":"https:\/\/sumaestudio.com.ar\/home\/#\/schema\/logo\/image\/","url":"https:\/\/sumaestudio.com.ar\/wp-content\/uploads\/2024\/05\/420862049_306074122529704_4609368380849504316_n.jpg","contentUrl":"https:\/\/sumaestudio.com.ar\/wp-content\/uploads\/2024\/05\/420862049_306074122529704_4609368380849504316_n.jpg","width":410,"height":410,"caption":"Suma Estudio"},"image":{"@id":"https:\/\/sumaestudio.com.ar\/home\/#\/schema\/logo\/image\/"},"sameAs":["https:\/\/www.instagram.com\/sumaestudioarq\/"]}]}},"_links":{"self":[{"href":"https:\/\/sumaestudio.com.ar\/home\/wp-json\/wp\/v2\/pages\/165","targetHints":{"allow":["GET"]}}],"collection":[{"href":"https:\/\/sumaestudio.com.ar\/home\/wp-json\/wp\/v2\/pages"}],"about":[{"href":"https:\/\/sumaestudio.com.ar\/home\/wp-json\/wp\/v2\/types\/page"}],"author":[{"embeddable":true,"href":"https:\/\/sumaestudio.com.ar\/home\/wp-json\/wp\/v2\/users\/2"}],"replies":[{"embeddable":true,"href":"https:\/\/sumaestudio.com.ar\/home\/wp-json\/wp\/v2\/comments?post=165"}],"version-history":[{"count":49,"href":"https:\/\/sumaestudio.com.ar\/home\/wp-json\/wp\/v2\/pages\/165\/revisions"}],"predecessor-version":[{"id":324,"href":"https:\/\/sumaestudio.com.ar\/home\/wp-json\/wp\/v2\/pages\/165\/revisions\/324"}],"wp:attachment":[{"href":"https:\/\/sumaestudio.com.ar\/home\/wp-json\/wp\/v2\/media?parent=165"}],"curies":[{"name":"wp","href":"https:\/\/api.w.org\/{rel}","templated":true}]}}