{"id":169,"date":"2024-05-16T23:31:27","date_gmt":"2024-05-16T23:31:27","guid":{"rendered":"https:\/\/sumaestudio.com.ar\/home\/?page_id=169"},"modified":"2024-06-11T21:42:44","modified_gmt":"2024-06-11T21:42:44","slug":"recursos","status":"publish","type":"page","link":"https:\/\/sumaestudio.com.ar\/home\/recursos\/","title":{"rendered":"Recursos"},"content":{"rendered":"\t\t<div data-elementor-type=\"wp-page\" data-elementor-id=\"169\" class=\"elementor elementor-169\" data-elementor-post-type=\"page\">\n\t\t\t\t<div class=\"elementor-element elementor-element-183ca73 e-flex e-con-boxed e-con e-parent\" data-id=\"183ca73\" data-element_type=\"container\" data-e-type=\"container\">\n\t\t\t\t\t<div class=\"e-con-inner\">\n\t\t\t\t<div class=\"elementor-element elementor-element-59f0f06 elementor-widget elementor-widget-spacer\" data-id=\"59f0f06\" data-element_type=\"widget\" data-e-type=\"widget\" data-widget_type=\"spacer.default\">\n\t\t\t\t<div class=\"elementor-widget-container\">\n\t\t\t\t\t\t\t<div class=\"elementor-spacer\">\n\t\t\t<div class=\"elementor-spacer-inner\"><\/div>\n\t\t<\/div>\n\t\t\t\t\t\t<\/div>\n\t\t\t\t<\/div>\n\t\t\t\t\t<\/div>\n\t\t\t\t<\/div>\n\t\t<div class=\"elementor-element elementor-element-48c30ce e-flex e-con-boxed e-con e-parent\" data-id=\"48c30ce\" data-element_type=\"container\" data-e-type=\"container\">\n\t\t\t\t\t<div class=\"e-con-inner\">\n\t\t\t\t<div class=\"elementor-element elementor-element-2e0c4e1 elementor-headline--style-highlight elementor-widget elementor-widget-animated-headline\" data-id=\"2e0c4e1\" data-element_type=\"widget\" data-e-type=\"widget\" data-settings=\"{&quot;marker&quot;:&quot;underline_zigzag&quot;,&quot;highlighted_text&quot;:&quot;CONTRUIR?&quot;,&quot;headline_style&quot;:&quot;highlight&quot;,&quot;loop&quot;:&quot;yes&quot;,&quot;highlight_animation_duration&quot;:1200,&quot;highlight_iteration_delay&quot;:8000}\" data-widget_type=\"animated-headline.default\">\n\t\t\t\t<div class=\"elementor-widget-container\">\n\t\t\t\t\t\t\t<h3 class=\"elementor-headline\">\n\t\t\t\t\t<span class=\"elementor-headline-plain-text elementor-headline-text-wrapper\">SAB\u00c9S CU\u00c1NTO CUESTA <\/span>\n\t\t\t\t<span class=\"elementor-headline-dynamic-wrapper elementor-headline-text-wrapper\">\n\t\t\t\t\t<span class=\"elementor-headline-dynamic-text elementor-headline-text-active\">CONTRUIR?<\/span>\n\t\t\t\t<\/span>\n\t\t\t\t<\/h3>\n\t\t\t\t\t\t<\/div>\n\t\t\t\t<\/div>\n\t\t\t\t\t<\/div>\n\t\t\t\t<\/div>\n\t\t<div class=\"elementor-element elementor-element-076dff5 e-flex e-con-boxed e-con e-parent\" data-id=\"076dff5\" data-element_type=\"container\" data-e-type=\"container\">\n\t\t\t\t\t<div class=\"e-con-inner\">\n\t\t\t\t<div class=\"elementor-element elementor-element-668d42b elementor-widget elementor-widget-spacer\" data-id=\"668d42b\" data-element_type=\"widget\" data-e-type=\"widget\" data-widget_type=\"spacer.default\">\n\t\t\t\t<div class=\"elementor-widget-container\">\n\t\t\t\t\t\t\t<div class=\"elementor-spacer\">\n\t\t\t<div class=\"elementor-spacer-inner\"><\/div>\n\t\t<\/div>\n\t\t\t\t\t\t<\/div>\n\t\t\t\t<\/div>\n\t\t\t\t\t<\/div>\n\t\t\t\t<\/div>\n\t\t<div class=\"elementor-element elementor-element-3ceda08 e-flex e-con-boxed e-con e-parent\" data-id=\"3ceda08\" data-element_type=\"container\" data-e-type=\"container\" data-settings=\"{&quot;background_background&quot;:&quot;slideshow&quot;,&quot;background_slideshow_gallery&quot;:[{&quot;id&quot;:53,&quot;url&quot;:&quot;https:\\\/\\\/sumaestudio.com.ar\\\/wp-content\\\/uploads\\\/2024\\\/05\\\/WhatsApp-Image-2024-02-15-at-19.33.59-2.jpeg&quot;},{&quot;id&quot;:54,&quot;url&quot;:&quot;https:\\\/\\\/sumaestudio.com.ar\\\/wp-content\\\/uploads\\\/2024\\\/05\\\/WhatsApp-Image-2024-02-15-at-19.33.59-1.jpeg&quot;},{&quot;id&quot;:55,&quot;url&quot;:&quot;https:\\\/\\\/sumaestudio.com.ar\\\/wp-content\\\/uploads\\\/2024\\\/05\\\/WhatsApp-Image-2024-02-15-at-19.33.59.jpeg&quot;},{&quot;id&quot;:56,&quot;url&quot;:&quot;https:\\\/\\\/sumaestudio.com.ar\\\/wp-content\\\/uploads\\\/2024\\\/05\\\/WhatsApp-Image-2024-02-15-at-19.33.58-2.jpeg&quot;},{&quot;id&quot;:59,&quot;url&quot;:&quot;https:\\\/\\\/sumaestudio.com.ar\\\/wp-content\\\/uploads\\\/2024\\\/05\\\/WhatsApp-Image-2024-02-15-at-19.33.57.jpeg&quot;},{&quot;id&quot;:58,&quot;url&quot;:&quot;https:\\\/\\\/sumaestudio.com.ar\\\/wp-content\\\/uploads\\\/2024\\\/05\\\/WhatsApp-Image-2024-02-15-at-19.33.58.jpeg&quot;},{&quot;id&quot;:57,&quot;url&quot;:&quot;https:\\\/\\\/sumaestudio.com.ar\\\/wp-content\\\/uploads\\\/2024\\\/05\\\/WhatsApp-Image-2024-02-15-at-19.33.58-1.jpeg&quot;}],&quot;background_slideshow_loop&quot;:&quot;yes&quot;,&quot;background_slideshow_slide_duration&quot;:5000,&quot;background_slideshow_slide_transition&quot;:&quot;fade&quot;,&quot;background_slideshow_transition_duration&quot;:500}\">\n\t\t\t\t\t<div class=\"e-con-inner\">\n\t\t\t\t<div class=\"elementor-element elementor-element-6a59cae elementor-widget elementor-widget-html\" data-id=\"6a59cae\" data-element_type=\"widget\" data-e-type=\"widget\" data-widget_type=\"html.default\">\n\t\t\t\t<div class=\"elementor-widget-container\">\n\t\t\t\t\t<style>\r\n    .loger{\r\n        display: none;\r\n        border: 4px solid #f3f3f3; \/* Color del borde del loader *\/\r\n        border-top: 4px solid #000000; \/* Color del borde superior del loader *\/\r\n        border-radius: 50%;\r\n        width: 40px;\r\n        height: 40px;\r\n        animation: spin 1s linear infinite; \/* Animaci\u00f3n de rotaci\u00f3n *\/\r\n        margin-top: 1%;\r\n    }\r\n    @keyframes spin {\r\n        0% { transform: rotate(0deg); }\r\n        100% { transform: rotate(360deg); }\r\n        }\r\n    .activo{\r\n        background-color: black;\r\n        color: white;\r\n    }\r\n    .cotizador{\r\n        background-color: green;\r\n        border-radius: 40px;\r\n        padding: 2%;\r\n        margin-left: 25%;\r\n        width: 50%;\r\n        display: flex;\r\n        flex-direction: column;\r\n        text-align: center;\r\n        align-items: center;\r\n        z-index: 1;\r\n    }\r\n.pop{\r\n    margin-left: 25%;\r\n    background-color: green;\r\n    border-radius: 40px;\r\n    padding: 2%;\r\n    z-index: 10;\r\n    display: none;\r\n    flex-direction: column;\r\n    width: 50%;\r\n    flex-direction: column;\r\n    text-align: center;\r\n    align-items: center;\r\n}\r\n.grid{\r\n    display: grid;\r\n    grid-template-columns: 1fr 1fr 1fr;\r\n    grid-template-rows: 1fr 1fr;\r\n    gap: 4px;\r\n}\r\n\r\n.grid button{\r\n    border-color: black;\r\n    color: black;\r\n}\r\n\r\n.grid button:hover{\r\n    background-color: black;\r\n    color: white;\r\n}\r\n\r\n.cotizador button{\r\n    background-color: white;\r\n    border-color: black;\r\n    color: black;\r\n}\r\n\r\n.cotizador button:active{\r\n    background-color: white;\r\n    border-color: black;\r\n    color: black;\r\n}\r\n\r\n.pop button{\r\n    background-color: white;\r\n    border-color: black;\r\n    color: black;\r\n}\r\n\r\n.pop button:hover{\r\n    background-color: black;\r\n    color: white;\r\n}\r\n\r\n.cotizador button:hover{\r\n    background-color: black;\r\n    color: white;\r\n}\r\n\r\n<\/style>\r\n\r\n<div class=\"pop\">\r\n    <h2>Dejanos tus datos para enviarte tu cotizaci\u00f3n<\/h2>\r\n    <label for=\"nombre\"><\/label>\r\n    <input type=\"text\" name=\"nombre\" id=\"nombre\" placeholder=\"nombre\"><br>\r\n    <label for=\"telefono\"><\/label>\r\n    <input type=\"tel\" name=\"telefono\" id=\"telefono\" placeholder=\"telefono\"><br>\r\n    <label for=\"email\"><\/label>\r\n    <input type=\"email\" name=\"email\" id=\"email\" placeholder=\"email\"><br>\r\n    <button id=\"enviar\">Recibir cotizaci\u00f3n<\/button><br>\r\n    <div class=\"loger\"><\/div>\r\n<\/div>\r\n\r\n<div class=\"cotizador\">\r\n    <h2>Cotizador de obra<\/h2>\r\n    \r\n    <div class=\"grid\">\r\n        <button class=\"tipo\" id=\"duplex\">Duplex<\/button><button class=\"tipo\" id=\"pb\">Una planta<\/button><button class=\"tipo\" id=\"galpon\">Industrial<\/button><button class=\"tipo\" id=\"edificio\">Edificacion<\/button><button class=\"tipo\" id=\"lujo\">Premium<\/button><button class=\"tipo\" id=\"steel\">Steel Frame<\/button>\r\n    <\/div><br>\r\n    <label for=\"relato\"><\/label>\r\n    <textarea name=\"relato\" id=\"relato\" placeholder=\"Tienes alguna idea?\"><\/textarea><br>\r\n    <label for=\"plantas\"><\/label>\r\n    <input type=\"number\" name=\"plantas\" id=\"plantas\" placeholder=\"Plantas\"><br>\r\n    <label for=\"metros\"><\/label>\r\n    <input type=\"number\" name=\"metros\" id=\"metros\" placeholder=\"Metros\" required><br>\r\n    <label for=\"banos\"><\/label>\r\n    <input type=\"number\" name=\"banos\" id=\"banos\" placeholder=\"Ba\u00f1os\"><br>\r\n    <label for=\"habitaciones\"><\/label>\r\n    <input type=\"number\" name=\"habitaciones\" id=\"habitaciones\" placeholder=\"Habitaciones\"><br>\r\n    <button id=\"cotizar\">Cotizar!<\/button>\r\n<\/div>\r\n\r\n<script>\r\n    let loger = document.querySelector('.loger')\r\n    let url = 'https:\/\/script.google.com\/macros\/s\/AKfycbwwSBJPwTPu1Y_cRjbnNc3aXwTZVg6PlFqWL4VDvatV31-jEYF0X5jE6xAFpwzpRC4EJA\/exec'\r\n    let botones = document.querySelectorAll('.tipo')\r\n    let tipo\r\n    let request = {}\r\n    document.getElementById('duplex').addEventListener('click', e =>{\r\n        botones.forEach(e => e.classList.remove('activo'))\r\n        e.target.classList.add('activo')\r\n        tipo = 'duplex'\r\n    })\r\n    document.getElementById('pb').addEventListener('click', e =>{\r\n        botones.forEach(e => e.classList.remove('activo'))\r\n        e.target.classList.add('activo')\r\n        tipo = 'pb'\r\n    })\r\n    document.getElementById('galpon').addEventListener('click', e =>{\r\n        botones.forEach(e => e.classList.remove('activo'))\r\n        e.target.classList.add('activo')\r\n        tipo = 'galpon'\r\n    })\r\n    document.getElementById('edificio').addEventListener('click', e =>{\r\n        botones.forEach(e => e.classList.remove('activo'))\r\n        e.target.classList.add('activo')\r\n        tipo = 'edificio'\r\n    })\r\n    document.getElementById('lujo').addEventListener('click', e =>{\r\n        botones.forEach(e => e.classList.remove('activo'))\r\n        e.target.classList.add('activo')\r\n        tipo = 'lujo'\r\n    })\r\n    document.getElementById('steel').addEventListener('click', e =>{\r\n        botones.forEach(e => e.classList.remove('activo'))\r\n        e.target.classList.add('activo')\r\n        tipo = 'steel'\r\n    })\r\n\r\n    let cotizar = document.querySelector('#cotizar')\r\n    cotizar.addEventListener('click', e => {\r\n        if(document.querySelector('#metros').value > 0 && document.querySelector('.activo')){\r\n            request['tipo'] = tipo\r\n            request['relato'] = document.getElementById('relato').value\r\n            request['plantas'] = document.getElementById('plantas').value\r\n            request['metros'] = document.getElementById('metros').value\r\n            request['banos'] = document.getElementById('banos').value\r\n            request['abitaciones'] = document.getElementById('habitaciones').value\r\n            document.querySelector('.cotizador').style.display = 'none'\r\n            document.querySelector('.pop').style.display = 'flex'\r\n        }else{\r\n            alert('Almenos debe ingresar los metros y el tipo de obra')\r\n        }\r\n        \r\n    })\r\n\r\n    let enviar = document.querySelector('#enviar')\r\n    enviar.addEventListener('click', e =>{\r\n        if(document.getElementById('nombre').value != '' && document.getElementById('telefono').value != '' && document.getElementById('email').value != ''){\r\n            request['nombre'] = document.getElementById('nombre').value\r\n        request['telefono'] = document.getElementById('telefono').value\r\n        request['email'] = document.getElementById('email').value\r\n        fetch(url, {\r\n              redirect: \"follow\",\r\n              method: 'POST',\r\n              body: JSON.stringify(request),\r\n              headers: {\r\n                \"Content-Type\": \"text\/plain;charset=utf-8\"\r\n              }\r\n            })\r\n            .then(console.log(JSON.stringify(request)))\r\n            .then(loger.style.display = 'block')\r\n            .then(res => {\r\n                if (!res.ok) {\r\n                throw new Error('Error en la solicitud: ' + res.status);\r\n              }\r\n              let html = '<h4>Gracias te enviaremos la cotizacion en un momento<\/h4>'\r\n              console.log(html)\r\n              let pop = document.querySelector('.pop')\r\n              pop.insertAdjacentHTML('beforeEnd', html)\r\n              pop.querySelector('h2').remove()\r\n              let inputs = pop.querySelectorAll('input')\r\n              inputs.forEach(e => e.remove())\r\n              pop.querySelector('button').remove()\r\n            })\r\n            .then(data => {\r\n                loger.style.display = 'none'\r\n            })\r\n        }else{\r\n            alert('Ingrese sus datos para enviarle la cotizacion')\r\n        }\r\n    })\r\n<\/script>\t\t\t\t<\/div>\n\t\t\t\t<\/div>\n\t\t\t\t\t<\/div>\n\t\t\t\t<\/div>\n\t\t<div class=\"elementor-element elementor-element-86da7f1 e-flex e-con-boxed e-con e-parent\" data-id=\"86da7f1\" data-element_type=\"container\" data-e-type=\"container\">\n\t\t\t\t\t<div class=\"e-con-inner\">\n\t\t\t\t<div class=\"elementor-element elementor-element-ec0f46f elementor-widget elementor-widget-spacer\" data-id=\"ec0f46f\" data-element_type=\"widget\" data-e-type=\"widget\" data-widget_type=\"spacer.default\">\n\t\t\t\t<div class=\"elementor-widget-container\">\n\t\t\t\t\t\t\t<div class=\"elementor-spacer\">\n\t\t\t<div class=\"elementor-spacer-inner\"><\/div>\n\t\t<\/div>\n\t\t\t\t\t\t<\/div>\n\t\t\t\t<\/div>\n\t\t\t\t\t<\/div>\n\t\t\t\t<\/div>\n\t\t<div class=\"elementor-element elementor-element-5e12562 e-flex e-con-boxed e-con e-parent\" data-id=\"5e12562\" data-element_type=\"container\" data-e-type=\"container\">\n\t\t\t\t\t<div class=\"e-con-inner\">\n\t\t\t\t<div class=\"elementor-element elementor-element-d0ed995 elementor-widget elementor-widget-html\" data-id=\"d0ed995\" data-element_type=\"widget\" data-e-type=\"widget\" data-widget_type=\"html.default\">\n\t\t\t\t<div class=\"elementor-widget-container\">\n\t\t\t\t\t<link rel=\"stylesheet\" href=\"https:\/\/cdnjs.cloudflare.com\/ajax\/libs\/font-awesome\/5.15.2\/css\/all.min.css\">\r\n<style>\r\n.whatsapp-btn {\r\n      display: inline-block;\r\n      background-color: #25d366;\r\n      color: #fff;\r\n      text-decoration: none;\r\n      padding: 15px 20px;\r\n      border-radius: 50%;\r\n      font-size: 20px;\r\n      border: none;\r\n      cursor: pointer;\r\n      position: fixed;\r\n      bottom: 20px;\r\n      right: 20px;\r\n      z-index: 9999;\r\n    }\r\n\r\n.whatsapp-btn:hover {\r\n  background-color: #128c7e;\r\n}\r\n\r\n.whatsapp-btn i {\r\n  font-size: 30px;\r\n}\r\n<\/style>\r\n\r\n<a href=\"https:\/\/wa.me\/5491161222553?text=Hola%20quisiera%20m\u00e1s%20informaci\u00f3n\" class=\"whatsapp-btn\" target=\"_blank\">\r\n  <i class=\"fab fa-whatsapp\"><\/i>\r\n<\/a>\r\n\t\t\t\t<\/div>\n\t\t\t\t<\/div>\n\t\t\t\t\t<\/div>\n\t\t\t\t<\/div>\n\t\t\t\t<\/div>\n\t\t","protected":false},"excerpt":{"rendered":"<p>SAB\u00c9S CU\u00c1NTO CUESTA CONTRUIR? Dejanos tus datos para enviarte tu cotizaci\u00f3n Recibir cotizaci\u00f3n Cotizador de obra DuplexUna plantaIndustrialEdificacionPremiumSteel Frame Cotizar!<\/p>\n","protected":false},"author":2,"featured_media":0,"parent":0,"menu_order":0,"comment_status":"closed","ping_status":"closed","template":"","meta":{"footnotes":""},"class_list":["post-169","page","type-page","status-publish","hentry"],"yoast_head":"<!-- This site is optimized with the Yoast SEO plugin v27.3 - https:\/\/yoast.com\/product\/yoast-seo-wordpress\/ -->\n<title>Recursos - Suma Estudio<\/title>\n<meta name=\"robots\" content=\"index, follow, max-snippet:-1, max-image-preview:large, max-video-preview:-1\" \/>\n<link rel=\"canonical\" href=\"https:\/\/sumaestudio.com.ar\/home\/recursos\/\" \/>\n<meta property=\"og:locale\" content=\"es_ES\" \/>\n<meta property=\"og:type\" content=\"article\" \/>\n<meta property=\"og:title\" content=\"Recursos - Suma Estudio\" \/>\n<meta property=\"og:description\" content=\"SAB\u00c9S CU\u00c1NTO CUESTA CONTRUIR? Dejanos tus datos para enviarte tu cotizaci\u00f3n Recibir cotizaci\u00f3n Cotizador de obra DuplexUna plantaIndustrialEdificacionPremiumSteel Frame Cotizar!\" \/>\n<meta property=\"og:url\" content=\"https:\/\/sumaestudio.com.ar\/home\/recursos\/\" \/>\n<meta property=\"og:site_name\" content=\"Suma Estudio\" \/>\n<meta property=\"article:modified_time\" content=\"2024-06-11T21:42:44+00:00\" \/>\n<meta name=\"twitter:card\" content=\"summary_large_image\" \/>\n<meta name=\"twitter:label1\" content=\"Tiempo de lectura\" \/>\n\t<meta name=\"twitter:data1\" content=\"1 minuto\" \/>\n<!-- \/ Yoast SEO plugin. -->","yoast_head_json":{"title":"Recursos - Suma Estudio","robots":{"index":"index","follow":"follow","max-snippet":"max-snippet:-1","max-image-preview":"max-image-preview:large","max-video-preview":"max-video-preview:-1"},"canonical":"https:\/\/sumaestudio.com.ar\/home\/recursos\/","og_locale":"es_ES","og_type":"article","og_title":"Recursos - Suma Estudio","og_description":"SAB\u00c9S CU\u00c1NTO CUESTA CONTRUIR? Dejanos tus datos para enviarte tu cotizaci\u00f3n Recibir cotizaci\u00f3n Cotizador de obra DuplexUna plantaIndustrialEdificacionPremiumSteel Frame Cotizar!","og_url":"https:\/\/sumaestudio.com.ar\/home\/recursos\/","og_site_name":"Suma Estudio","article_modified_time":"2024-06-11T21:42:44+00:00","twitter_card":"summary_large_image","twitter_misc":{"Tiempo de lectura":"1 minuto"},"schema":{"@context":"https:\/\/schema.org","@graph":[{"@type":"WebPage","@id":"https:\/\/sumaestudio.com.ar\/home\/recursos\/","url":"https:\/\/sumaestudio.com.ar\/home\/recursos\/","name":"Recursos - Suma Estudio","isPartOf":{"@id":"https:\/\/sumaestudio.com.ar\/home\/#website"},"datePublished":"2024-05-16T23:31:27+00:00","dateModified":"2024-06-11T21:42:44+00:00","breadcrumb":{"@id":"https:\/\/sumaestudio.com.ar\/home\/recursos\/#breadcrumb"},"inLanguage":"es","potentialAction":[{"@type":"ReadAction","target":["https:\/\/sumaestudio.com.ar\/home\/recursos\/"]}]},{"@type":"BreadcrumbList","@id":"https:\/\/sumaestudio.com.ar\/home\/recursos\/#breadcrumb","itemListElement":[{"@type":"ListItem","position":1,"name":"Portada","item":"https:\/\/sumaestudio.com.ar\/home\/"},{"@type":"ListItem","position":2,"name":"Recursos"}]},{"@type":"WebSite","@id":"https:\/\/sumaestudio.com.ar\/home\/#website","url":"https:\/\/sumaestudio.com.ar\/home\/","name":"Suma Estudio","description":"Creando legados","publisher":{"@id":"https:\/\/sumaestudio.com.ar\/home\/#organization"},"potentialAction":[{"@type":"SearchAction","target":{"@type":"EntryPoint","urlTemplate":"https:\/\/sumaestudio.com.ar\/home\/?s={search_term_string}"},"query-input":{"@type":"PropertyValueSpecification","valueRequired":true,"valueName":"search_term_string"}}],"inLanguage":"es"},{"@type":"Organization","@id":"https:\/\/sumaestudio.com.ar\/home\/#organization","name":"Suma Estudio","url":"https:\/\/sumaestudio.com.ar\/home\/","logo":{"@type":"ImageObject","inLanguage":"es","@id":"https:\/\/sumaestudio.com.ar\/home\/#\/schema\/logo\/image\/","url":"https:\/\/sumaestudio.com.ar\/wp-content\/uploads\/2024\/05\/420862049_306074122529704_4609368380849504316_n.jpg","contentUrl":"https:\/\/sumaestudio.com.ar\/wp-content\/uploads\/2024\/05\/420862049_306074122529704_4609368380849504316_n.jpg","width":410,"height":410,"caption":"Suma Estudio"},"image":{"@id":"https:\/\/sumaestudio.com.ar\/home\/#\/schema\/logo\/image\/"},"sameAs":["https:\/\/www.instagram.com\/sumaestudioarq\/"]}]}},"_links":{"self":[{"href":"https:\/\/sumaestudio.com.ar\/home\/wp-json\/wp\/v2\/pages\/169","targetHints":{"allow":["GET"]}}],"collection":[{"href":"https:\/\/sumaestudio.com.ar\/home\/wp-json\/wp\/v2\/pages"}],"about":[{"href":"https:\/\/sumaestudio.com.ar\/home\/wp-json\/wp\/v2\/types\/page"}],"author":[{"embeddable":true,"href":"https:\/\/sumaestudio.com.ar\/home\/wp-json\/wp\/v2\/users\/2"}],"replies":[{"embeddable":true,"href":"https:\/\/sumaestudio.com.ar\/home\/wp-json\/wp\/v2\/comments?post=169"}],"version-history":[{"count":52,"href":"https:\/\/sumaestudio.com.ar\/home\/wp-json\/wp\/v2\/pages\/169\/revisions"}],"predecessor-version":[{"id":393,"href":"https:\/\/sumaestudio.com.ar\/home\/wp-json\/wp\/v2\/pages\/169\/revisions\/393"}],"wp:attachment":[{"href":"https:\/\/sumaestudio.com.ar\/home\/wp-json\/wp\/v2\/media?parent=169"}],"curies":[{"name":"wp","href":"https:\/\/api.w.org\/{rel}","templated":true}]}}