{"id":173,"date":"2024-05-16T23:32:38","date_gmt":"2024-05-16T23:32:38","guid":{"rendered":"https:\/\/sumaestudio.com.ar\/home\/?page_id=173"},"modified":"2024-06-12T01:07:19","modified_gmt":"2024-06-12T01:07:19","slug":"viviendas-modulares","status":"publish","type":"page","link":"https:\/\/sumaestudio.com.ar\/home\/viviendas-modulares\/","title":{"rendered":"Ideas Innovadoras"},"content":{"rendered":"\t\t<div data-elementor-type=\"wp-page\" data-elementor-id=\"173\" class=\"elementor elementor-173\" data-elementor-post-type=\"page\">\n\t\t\t\t<div class=\"elementor-element elementor-element-a58de2b e-flex e-con-boxed e-con e-parent\" data-id=\"a58de2b\" data-element_type=\"container\" data-e-type=\"container\">\n\t\t\t\t\t<div class=\"e-con-inner\">\n\t\t\t\t<div class=\"elementor-element elementor-element-026b656 elementor-widget elementor-widget-spacer\" data-id=\"026b656\" data-element_type=\"widget\" data-e-type=\"widget\" data-widget_type=\"spacer.default\">\n\t\t\t\t<div class=\"elementor-widget-container\">\n\t\t\t\t\t\t\t<div class=\"elementor-spacer\">\n\t\t\t<div class=\"elementor-spacer-inner\"><\/div>\n\t\t<\/div>\n\t\t\t\t\t\t<\/div>\n\t\t\t\t<\/div>\n\t\t\t\t\t<\/div>\n\t\t\t\t<\/div>\n\t\t<div class=\"elementor-element elementor-element-839699d e-flex e-con-boxed e-con e-parent\" data-id=\"839699d\" data-element_type=\"container\" data-e-type=\"container\">\n\t\t\t\t\t<div class=\"e-con-inner\">\n\t\t\t\t<div class=\"elementor-element elementor-element-14a7b14 elementor-widget elementor-widget-heading\" data-id=\"14a7b14\" data-element_type=\"widget\" data-e-type=\"widget\" data-widget_type=\"heading.default\">\n\t\t\t\t<div class=\"elementor-widget-container\">\n\t\t\t\t\t<h2 class=\"elementor-heading-title elementor-size-default\">Soluciones de Hogar Personalizables: Haciendo Realidad Tu Casa So\u00f1ada en Etapas<\/h2>\t\t\t\t<\/div>\n\t\t\t\t<\/div>\n\t\t\t\t\t<\/div>\n\t\t\t\t<\/div>\n\t\t<div class=\"elementor-element elementor-element-5ecd8fa e-flex e-con-boxed e-con e-parent\" data-id=\"5ecd8fa\" data-element_type=\"container\" data-e-type=\"container\">\n\t\t\t\t\t<div class=\"e-con-inner\">\n\t\t\t\t<div class=\"elementor-element elementor-element-f6c68a2 elementor-widget elementor-widget-heading\" data-id=\"f6c68a2\" data-element_type=\"widget\" data-e-type=\"widget\" data-widget_type=\"heading.default\">\n\t\t\t\t<div class=\"elementor-widget-container\">\n\t\t\t\t\t<h4 class=\"elementor-heading-title elementor-size-default\">Un presupuesto limitado no limita tus posibilidades de acceder a tu hogar so\u00f1ado<\/h4>\t\t\t\t<\/div>\n\t\t\t\t<\/div>\n\t\t\t\t\t<\/div>\n\t\t\t\t<\/div>\n\t\t<div class=\"elementor-element elementor-element-b7322c1 e-con-full e-flex e-con e-parent\" data-id=\"b7322c1\" data-element_type=\"container\" data-e-type=\"container\">\n\t\t<div class=\"elementor-element elementor-element-ac8c5c4 e-flex e-con-boxed e-con e-child\" data-id=\"ac8c5c4\" data-element_type=\"container\" data-e-type=\"container\" data-settings=\"{&quot;background_background&quot;:&quot;slideshow&quot;,&quot;background_slideshow_gallery&quot;:[{&quot;id&quot;:397,&quot;url&quot;:&quot;https:\\\/\\\/sumaestudio.com.ar\\\/wp-content\\\/uploads\\\/2024\\\/06\\\/foto_casa_realista_moderna_en_la_ciudad_png-3-copia.png&quot;},{&quot;id&quot;:398,&quot;url&quot;:&quot;https:\\\/\\\/sumaestudio.com.ar\\\/wp-content\\\/uploads\\\/2024\\\/06\\\/foto_casa_realista_moderna_en_la_ciudad_png-2-copia.png&quot;},{&quot;id&quot;:400,&quot;url&quot;:&quot;https:\\\/\\\/sumaestudio.com.ar\\\/wp-content\\\/uploads\\\/2024\\\/06\\\/foto_casa_realista_moderna_en_la_ciudad_png-1-copia.png&quot;},{&quot;id&quot;:401,&quot;url&quot;:&quot;https:\\\/\\\/sumaestudio.com.ar\\\/wp-content\\\/uploads\\\/2024\\\/06\\\/foto_casa_realista_moderna_en_la_ciudad_png-copia.png&quot;}],&quot;background_slideshow_slide_duration&quot;:300,&quot;background_slideshow_ken_burns&quot;:&quot;yes&quot;,&quot;background_slideshow_loop&quot;:&quot;yes&quot;,&quot;background_slideshow_slide_transition&quot;:&quot;fade&quot;,&quot;background_slideshow_transition_duration&quot;:500,&quot;background_slideshow_ken_burns_zoom_direction&quot;:&quot;in&quot;}\">\n\t\t\t\t\t<div class=\"e-con-inner\">\n\t\t\t\t\t<\/div>\n\t\t\t\t<\/div>\n\t\t\t\t<div class=\"elementor-element elementor-element-6437242 elementor-widget elementor-widget-text-editor\" data-id=\"6437242\" data-element_type=\"widget\" data-e-type=\"widget\" data-widget_type=\"text-editor.default\">\n\t\t\t\t<div class=\"elementor-widget-container\">\n\t\t\t\t\t\t\t\t\t<p>Todos necesitamos un espacio para crecer, desarrollarnos y sentir que estamos en nuestro hogar. No hay mejor espacio que el que se adapta mejor a tu estilo, tu personalidad y a tu forma de concebir la vida, pero muchas veces nuestro presupuesto no nos permite satisfacer todas nuestras pretensiones y necesidades. Nosotros decidimos brindar una opci\u00f3n viable para todos aquellos que quieren que su hogar sea una extension de si mismos. Nuestra propuesta es simple: Ideamos tu hogar so\u00f1ado junto a vos, dividimos su ejecuci\u00f3n en etapas para que puedas ir afrontando los costes de la manera m\u00e1s c\u00f3moda. Desde la primera etapa vas a contar con un espacio que refleja tu identidad, 100% funcional y preparado para recibir las futuras etapas de desarrollo. Esta es una opci\u00f3n perfecta para quienes hayan accedido o piensen en acceder a cr\u00e9ditos hipotecarios.<\/p><p><i>Cont\u00e1ctate con nosotros para conocer m\u00e1s.<\/i><\/p>\t\t\t\t\t\t\t\t<\/div>\n\t\t\t\t<\/div>\n\t\t\t\t<\/div>\n\t\t<div class=\"elementor-element elementor-element-dd9249c e-flex e-con-boxed e-con e-parent\" data-id=\"dd9249c\" data-element_type=\"container\" data-e-type=\"container\">\n\t\t\t\t\t<div class=\"e-con-inner\">\n\t\t\t\t<div class=\"elementor-element elementor-element-47c9e48 elementor-widget elementor-widget-spacer\" data-id=\"47c9e48\" data-element_type=\"widget\" data-e-type=\"widget\" data-widget_type=\"spacer.default\">\n\t\t\t\t<div class=\"elementor-widget-container\">\n\t\t\t\t\t\t\t<div class=\"elementor-spacer\">\n\t\t\t<div class=\"elementor-spacer-inner\"><\/div>\n\t\t<\/div>\n\t\t\t\t\t\t<\/div>\n\t\t\t\t<\/div>\n\t\t\t\t\t<\/div>\n\t\t\t\t<\/div>\n\t\t<div class=\"elementor-element elementor-element-f1aa6f6 e-flex e-con-boxed e-con e-parent\" data-id=\"f1aa6f6\" data-element_type=\"container\" data-e-type=\"container\">\n\t\t\t\t\t<div class=\"e-con-inner\">\n\t\t\t\t<div class=\"elementor-element elementor-element-73f0b54 elementor-widget elementor-widget-heading\" data-id=\"73f0b54\" data-element_type=\"widget\" data-e-type=\"widget\" data-widget_type=\"heading.default\">\n\t\t\t\t<div class=\"elementor-widget-container\">\n\t\t\t\t\t<h2 class=\"elementor-heading-title elementor-size-default\">Arquitectura verde<\/h2>\t\t\t\t<\/div>\n\t\t\t\t<\/div>\n\t\t<div class=\"elementor-element elementor-element-2b84a3f e-flex e-con-boxed e-con e-child\" data-id=\"2b84a3f\" data-element_type=\"container\" data-e-type=\"container\">\n\t\t\t\t\t<div class=\"e-con-inner\">\n\t\t\t\t<div class=\"elementor-element elementor-element-692da10 elementor-widget elementor-widget-heading\" data-id=\"692da10\" data-element_type=\"widget\" data-e-type=\"widget\" data-widget_type=\"heading.default\">\n\t\t\t\t<div class=\"elementor-widget-container\">\n\t\t\t\t\t<h4 class=\"elementor-heading-title elementor-size-default\">Nos sumamos a la revoluci\u00f3n que busca cambiar el planeta<\/h4>\t\t\t\t<\/div>\n\t\t\t\t<\/div>\n\t\t\t\t\t<\/div>\n\t\t\t\t<\/div>\n\t\t\t\t\t<\/div>\n\t\t\t\t<\/div>\n\t\t<div class=\"elementor-element elementor-element-7b4d66a e-con-full e-flex e-con e-parent\" data-id=\"7b4d66a\" data-element_type=\"container\" data-e-type=\"container\">\n\t\t<div class=\"elementor-element elementor-element-5f2b1c5 e-flex e-con-boxed e-con e-child\" data-id=\"5f2b1c5\" data-element_type=\"container\" data-e-type=\"container\" data-settings=\"{&quot;background_background&quot;:&quot;slideshow&quot;,&quot;background_slideshow_gallery&quot;:[{&quot;id&quot;:421,&quot;url&quot;:&quot;https:\\\/\\\/sumaestudio.com.ar\\\/wp-content\\\/uploads\\\/2024\\\/06\\\/casas_con_arquitectura_sustentable_png-2.png&quot;},{&quot;id&quot;:422,&quot;url&quot;:&quot;https:\\\/\\\/sumaestudio.com.ar\\\/wp-content\\\/uploads\\\/2024\\\/06\\\/casas_con_arquitectura_sustentable_png-1.png&quot;},{&quot;id&quot;:423,&quot;url&quot;:&quot;https:\\\/\\\/sumaestudio.com.ar\\\/wp-content\\\/uploads\\\/2024\\\/06\\\/casas_con_arquitectura_sustentable_png.png&quot;}],&quot;background_slideshow_slide_duration&quot;:300,&quot;background_slideshow_ken_burns&quot;:&quot;yes&quot;,&quot;background_slideshow_loop&quot;:&quot;yes&quot;,&quot;background_slideshow_slide_transition&quot;:&quot;fade&quot;,&quot;background_slideshow_transition_duration&quot;:500,&quot;background_slideshow_ken_burns_zoom_direction&quot;:&quot;in&quot;}\">\n\t\t\t\t\t<div class=\"e-con-inner\">\n\t\t\t\t\t<\/div>\n\t\t\t\t<\/div>\n\t\t\t\t<div class=\"elementor-element elementor-element-9fda8ac elementor-widget elementor-widget-text-editor\" data-id=\"9fda8ac\" data-element_type=\"widget\" data-e-type=\"widget\" data-widget_type=\"text-editor.default\">\n\t\t\t\t<div class=\"elementor-widget-container\">\n\t\t\t\t\t\t\t\t\t<p>Ofrecemos variadas alternativas para quienes solicitan un enfoque m\u00e1s amigable con el medio ambiente. Desde la reutilizaci\u00f3n de materiales de descarte industrial transformados en nuevos materiales, hasta la integraci\u00f3n amigable del entorno a nuestros hogares. Existen miles de ideas para que nuestros hogares , comercios y lugares de trabajo impacten de forma negativa en el medio ambiente. Tambi\u00e9n existen tecnolog\u00edas que nos ayudan a disminuir los requerimientos de energ\u00eda de nuestras construcciones como paneles solares, termotenques solares, una correcta distribuci\u00f3n de la ventilaci\u00f3n entre muchas otras.<\/p>\n<p><i>Contactanospara conocer m\u00e1s posibilidades.<\/i><\/p>\t\t\t\t\t\t\t\t<\/div>\n\t\t\t\t<\/div>\n\t\t\t\t<\/div>\n\t\t<div class=\"elementor-element elementor-element-c0d514b e-flex e-con-boxed e-con e-parent\" data-id=\"c0d514b\" data-element_type=\"container\" data-e-type=\"container\">\n\t\t\t\t\t<div class=\"e-con-inner\">\n\t\t\t\t<div class=\"elementor-element elementor-element-2f8d59b elementor-widget elementor-widget-html\" data-id=\"2f8d59b\" data-element_type=\"widget\" data-e-type=\"widget\" data-widget_type=\"html.default\">\n\t\t\t\t<div class=\"elementor-widget-container\">\n\t\t\t\t\t<link rel=\"stylesheet\" href=\"https:\/\/cdnjs.cloudflare.com\/ajax\/libs\/font-awesome\/5.15.2\/css\/all.min.css\">\r\n<style>\r\n.whatsapp-btn {\r\n      display: inline-block;\r\n      background-color: #25d366;\r\n      color: #fff;\r\n      text-decoration: none;\r\n      padding: 15px 20px;\r\n      border-radius: 50%;\r\n      font-size: 20px;\r\n      border: none;\r\n      cursor: pointer;\r\n      position: fixed;\r\n      bottom: 20px;\r\n      right: 20px;\r\n      z-index: 9999;\r\n    }\r\n\r\n.whatsapp-btn:hover {\r\n  background-color: #128c7e;\r\n}\r\n\r\n.whatsapp-btn i {\r\n  font-size: 30px;\r\n}\r\n<\/style>\r\n\r\n<a href=\"https:\/\/wa.me\/5491161222553?text=Hola%20quisiera%20m\u00e1s%20informaci\u00f3n\" class=\"whatsapp-btn\" target=\"_blank\">\r\n  <i class=\"fab fa-whatsapp\"><\/i>\r\n<\/a>\r\n\t\t\t\t<\/div>\n\t\t\t\t<\/div>\n\t\t\t\t\t<\/div>\n\t\t\t\t<\/div>\n\t\t\t\t<\/div>\n\t\t","protected":false},"excerpt":{"rendered":"<p>Soluciones de Hogar Personalizables: Haciendo Realidad Tu Casa So\u00f1ada en Etapas Un presupuesto limitado no limita tus posibilidades de acceder a tu hogar so\u00f1ado Todos necesitamos un espacio para crecer, desarrollarnos y sentir que estamos en nuestro hogar. No hay mejor espacio que el que se adapta mejor a tu estilo, tu personalidad y a [&hellip;]<\/p>\n","protected":false},"author":2,"featured_media":0,"parent":0,"menu_order":0,"comment_status":"closed","ping_status":"closed","template":"","meta":{"footnotes":""},"class_list":["post-173","page","type-page","status-publish","hentry"],"yoast_head":"<!-- This site is optimized with the Yoast SEO plugin v27.3 - https:\/\/yoast.com\/product\/yoast-seo-wordpress\/ -->\n<title>Ideas Innovadoras - Suma Estudio<\/title>\n<meta name=\"robots\" content=\"index, follow, max-snippet:-1, max-image-preview:large, max-video-preview:-1\" \/>\n<link rel=\"canonical\" href=\"https:\/\/sumaestudio.com.ar\/home\/viviendas-modulares\/\" \/>\n<meta property=\"og:locale\" content=\"es_ES\" \/>\n<meta property=\"og:type\" content=\"article\" \/>\n<meta property=\"og:title\" content=\"Ideas Innovadoras - Suma Estudio\" \/>\n<meta property=\"og:description\" content=\"Soluciones de Hogar Personalizables: Haciendo Realidad Tu Casa So\u00f1ada en Etapas Un presupuesto limitado no limita tus posibilidades de acceder a tu hogar so\u00f1ado Todos necesitamos un espacio para crecer, desarrollarnos y sentir que estamos en nuestro hogar. No hay mejor espacio que el que se adapta mejor a tu estilo, tu personalidad y a [&hellip;]\" \/>\n<meta property=\"og:url\" content=\"https:\/\/sumaestudio.com.ar\/home\/viviendas-modulares\/\" \/>\n<meta property=\"og:site_name\" content=\"Suma Estudio\" \/>\n<meta property=\"article:modified_time\" content=\"2024-06-12T01:07:19+00:00\" \/>\n<meta name=\"twitter:card\" content=\"summary_large_image\" \/>\n<meta name=\"twitter:label1\" content=\"Tiempo de lectura\" \/>\n\t<meta name=\"twitter:data1\" content=\"2 minutos\" \/>\n<!-- \/ Yoast SEO plugin. -->","yoast_head_json":{"title":"Ideas Innovadoras - Suma Estudio","robots":{"index":"index","follow":"follow","max-snippet":"max-snippet:-1","max-image-preview":"max-image-preview:large","max-video-preview":"max-video-preview:-1"},"canonical":"https:\/\/sumaestudio.com.ar\/home\/viviendas-modulares\/","og_locale":"es_ES","og_type":"article","og_title":"Ideas Innovadoras - Suma Estudio","og_description":"Soluciones de Hogar Personalizables: Haciendo Realidad Tu Casa So\u00f1ada en Etapas Un presupuesto limitado no limita tus posibilidades de acceder a tu hogar so\u00f1ado Todos necesitamos un espacio para crecer, desarrollarnos y sentir que estamos en nuestro hogar. No hay mejor espacio que el que se adapta mejor a tu estilo, tu personalidad y a [&hellip;]","og_url":"https:\/\/sumaestudio.com.ar\/home\/viviendas-modulares\/","og_site_name":"Suma Estudio","article_modified_time":"2024-06-12T01:07:19+00:00","twitter_card":"summary_large_image","twitter_misc":{"Tiempo de lectura":"2 minutos"},"schema":{"@context":"https:\/\/schema.org","@graph":[{"@type":"WebPage","@id":"https:\/\/sumaestudio.com.ar\/home\/viviendas-modulares\/","url":"https:\/\/sumaestudio.com.ar\/home\/viviendas-modulares\/","name":"Ideas Innovadoras - Suma Estudio","isPartOf":{"@id":"https:\/\/sumaestudio.com.ar\/home\/#website"},"datePublished":"2024-05-16T23:32:38+00:00","dateModified":"2024-06-12T01:07:19+00:00","breadcrumb":{"@id":"https:\/\/sumaestudio.com.ar\/home\/viviendas-modulares\/#breadcrumb"},"inLanguage":"es","potentialAction":[{"@type":"ReadAction","target":["https:\/\/sumaestudio.com.ar\/home\/viviendas-modulares\/"]}]},{"@type":"BreadcrumbList","@id":"https:\/\/sumaestudio.com.ar\/home\/viviendas-modulares\/#breadcrumb","itemListElement":[{"@type":"ListItem","position":1,"name":"Portada","item":"https:\/\/sumaestudio.com.ar\/home\/"},{"@type":"ListItem","position":2,"name":"Ideas Innovadoras"}]},{"@type":"WebSite","@id":"https:\/\/sumaestudio.com.ar\/home\/#website","url":"https:\/\/sumaestudio.com.ar\/home\/","name":"Suma Estudio","description":"Creando legados","publisher":{"@id":"https:\/\/sumaestudio.com.ar\/home\/#organization"},"potentialAction":[{"@type":"SearchAction","target":{"@type":"EntryPoint","urlTemplate":"https:\/\/sumaestudio.com.ar\/home\/?s={search_term_string}"},"query-input":{"@type":"PropertyValueSpecification","valueRequired":true,"valueName":"search_term_string"}}],"inLanguage":"es"},{"@type":"Organization","@id":"https:\/\/sumaestudio.com.ar\/home\/#organization","name":"Suma Estudio","url":"https:\/\/sumaestudio.com.ar\/home\/","logo":{"@type":"ImageObject","inLanguage":"es","@id":"https:\/\/sumaestudio.com.ar\/home\/#\/schema\/logo\/image\/","url":"https:\/\/sumaestudio.com.ar\/wp-content\/uploads\/2024\/05\/420862049_306074122529704_4609368380849504316_n.jpg","contentUrl":"https:\/\/sumaestudio.com.ar\/wp-content\/uploads\/2024\/05\/420862049_306074122529704_4609368380849504316_n.jpg","width":410,"height":410,"caption":"Suma Estudio"},"image":{"@id":"https:\/\/sumaestudio.com.ar\/home\/#\/schema\/logo\/image\/"},"sameAs":["https:\/\/www.instagram.com\/sumaestudioarq\/"]}]}},"_links":{"self":[{"href":"https:\/\/sumaestudio.com.ar\/home\/wp-json\/wp\/v2\/pages\/173","targetHints":{"allow":["GET"]}}],"collection":[{"href":"https:\/\/sumaestudio.com.ar\/home\/wp-json\/wp\/v2\/pages"}],"about":[{"href":"https:\/\/sumaestudio.com.ar\/home\/wp-json\/wp\/v2\/types\/page"}],"author":[{"embeddable":true,"href":"https:\/\/sumaestudio.com.ar\/home\/wp-json\/wp\/v2\/users\/2"}],"replies":[{"embeddable":true,"href":"https:\/\/sumaestudio.com.ar\/home\/wp-json\/wp\/v2\/comments?post=173"}],"version-history":[{"count":37,"href":"https:\/\/sumaestudio.com.ar\/home\/wp-json\/wp\/v2\/pages\/173\/revisions"}],"predecessor-version":[{"id":427,"href":"https:\/\/sumaestudio.com.ar\/home\/wp-json\/wp\/v2\/pages\/173\/revisions\/427"}],"wp:attachment":[{"href":"https:\/\/sumaestudio.com.ar\/home\/wp-json\/wp\/v2\/media?parent=173"}],"curies":[{"name":"wp","href":"https:\/\/api.w.org\/{rel}","templated":true}]}}